{"id":2147,"date":"2013-03-12T16:06:24","date_gmt":"2013-03-12T15:06:24","guid":{"rendered":"http:\/\/www.dpl-lescebled.si\/?page_id=9"},"modified":"2024-03-19T13:37:49","modified_gmt":"2024-03-19T13:37:49","slug":"tandemski-poleti","status":"publish","type":"page","link":"https:\/\/www.dpl-lescebled.si\/index.php\/tandemski-poleti\/","title":{"rendered":"Tandemski poleti"},"content":{"rendered":"<p>Letenje je nekaj najlep\u0161ega in vsem se nam ponuja, le vzeti ga moramo. Ponujamo vam mo\u017enost, da to \u017eeljo uresni\u010dite in poletite z jadralnim padalom v tandemu.<\/p>\n<p>Predhodnje izku\u0161nje niso potrebne, dovolj je le kanj\u010dek poguma in \u017eelja po vznemirljivem do\u017eivetju. Vse postopke za va\u0161e sodelovanje pri vzletu in pristanku vam bo razlo\u017eil va\u0161 pilot tandemskega jadralnega padala.<\/p>\n<p>Za\u017eeljen je tudi fotoaparat ali kamera, da trajno ohranite prelep razgled na svet iz pti\u010dje perspektive.<\/p>\n<p><img loading=\"lazy\" decoding=\"async\" class=\"size-full wp-image-109 alignleft\" src=\"https:\/\/www.dpl-lescebled.si\/wp-content\/uploads\/2013\/03\/tandem2.png\" alt=\"tandem2\" width=\"704\" height=\"319\" srcset=\"https:\/\/www.dpl-lescebled.si\/wp-content\/uploads\/2013\/03\/tandem2.png 704w, https:\/\/www.dpl-lescebled.si\/wp-content\/uploads\/2013\/03\/tandem2-300x136.png 300w\" sizes=\"auto, (max-width: 704px) 100vw, 704px\" \/><\/p>\n<p>Posebno pozornost posve\u010damo ugodnim vremskim razmeram, ne le zaradi varnosti, pa\u010d pa tudi zato, da lahko postre\u017eemo s kar najve\u010d u\u017eitki ob letenju. Trajanje poleta je odvisno od vremena in termike. Polet lahko traja od 15 do 45 minut, ob dobrih termi\u010dnih pogojih pa lahko tudi dalj \u010dasa. Ob neprimernih vremenskih razmerah letenje odpovemo oziroma prelo\u017eimo na drug termin. Vzletna mesta so: Dobr\u010da, Vogel, Vogar, Ambro\u017e pod Krvavcem in Kranjska Gora. Po dogovoru pa tudi druga vzletna mesta po Sloveniji. V dru\u0161tvu imamo ve\u010d pilotov, kar pomeni, da isto \u010dasno lahko leti ve\u010d oseb, vsaka s svojim pilotom jadralnega padala.<\/p>\n<p>Vstopite v kraljestvo ptic, brez oklepov, brez hrupa, zaznajte le glas vetra&#8230;<\/p>\n<p><strong>\u00a0 \u00a0<\/strong><\/p>\n<p><strong>\u00a0 \u00a0 \u00a0 \u00a0 \u00a0Piloti:<\/strong><\/p>\n<ul>\n<li>Marjan Golmajer<br \/>\ncifra<\/li>\n<li>An\u017ee Pristov<br \/>\ncifra<\/li>\n<li>Jaka Ambro\u017ei\u010d<br \/>\ncifra<\/li>\n<\/ul>\n<p>Email: <a href=\"mailto:tandemi@dpl-lescebled.si\">tandemi@dpl-lescebled.si<\/a><\/p>\n","protected":false},"excerpt":{"rendered":"<p>Letenje je nekaj najlep\u0161ega in vsem se nam ponuja, le vzeti ga moramo. Ponujamo vam mo\u017enost, da to \u017eeljo uresni\u010dite in poletite z jadralnim padalom v tandemu. Predhodnje izku\u0161nje niso potrebne, dovolj je le kanj\u010dek poguma in \u017eelja po vznemirljivem do\u017eivetju. Vse postopke za va\u0161e sodelovanje pri vzletu in pristanku vam bo razlo\u017eil va\u0161 pilot [&hellip;]<\/p>\n","protected":false},"author":3,"featured_media":2641,"parent":0,"menu_order":5,"comment_status":"closed","ping_status":"closed","template":"","meta":{"footnotes":""},"class_list":["post-2147","page","type-page","status-publish","has-post-thumbnail","hentry"],"_links":{"self":[{"href":"https:\/\/www.dpl-lescebled.si\/index.php\/wp-json\/wp\/v2\/pages\/2147","targetHints":{"allow":["GET"]}}],"collection":[{"href":"https:\/\/www.dpl-lescebled.si\/index.php\/wp-json\/wp\/v2\/pages"}],"about":[{"href":"https:\/\/www.dpl-lescebled.si\/index.php\/wp-json\/wp\/v2\/types\/page"}],"author":[{"embeddable":true,"href":"https:\/\/www.dpl-lescebled.si\/index.php\/wp-json\/wp\/v2\/users\/3"}],"replies":[{"embeddable":true,"href":"https:\/\/www.dpl-lescebled.si\/index.php\/wp-json\/wp\/v2\/comments?post=2147"}],"version-history":[{"count":6,"href":"https:\/\/www.dpl-lescebled.si\/index.php\/wp-json\/wp\/v2\/pages\/2147\/revisions"}],"predecessor-version":[{"id":2638,"href":"https:\/\/www.dpl-lescebled.si\/index.php\/wp-json\/wp\/v2\/pages\/2147\/revisions\/2638"}],"wp:featuredmedia":[{"embeddable":true,"href":"https:\/\/www.dpl-lescebled.si\/index.php\/wp-json\/wp\/v2\/media\/2641"}],"wp:attachment":[{"href":"https:\/\/www.dpl-lescebled.si\/index.php\/wp-json\/wp\/v2\/media?parent=2147"}],"curies":[{"name":"wp","href":"https:\/\/api.w.org\/{rel}","templated":true}]}}